{"id":27,"date":"2018-01-20T22:21:41","date_gmt":"2018-01-20T22:21:41","guid":{"rendered":"http:\/\/utecampo.heidtmann.info\/?page_id=27"},"modified":"2020-10-29T14:29:54","modified_gmt":"2020-10-29T14:29:54","slug":"ute_campo","status":"publish","type":"page","link":"http:\/\/utecampo.com\/?page_id=27","title":{"rendered":"Biografie | Biography"},"content":{"rendered":"<p><img loading=\"lazy\" decoding=\"async\" class=\"alignnone size-medium wp-image-170\" src=\"http:\/\/utecampo.heidtmann.info\/wp-content\/uploads\/2018\/01\/IMG_0125-e1516552173979-300x241.jpg\" alt=\"\" width=\"300\" height=\"241\" srcset=\"http:\/\/utecampo.com\/wp-content\/uploads\/2018\/01\/IMG_0125-e1516552173979-300x241.jpg 300w, http:\/\/utecampo.com\/wp-content\/uploads\/2018\/01\/IMG_0125-e1516552173979-768x617.jpg 768w, http:\/\/utecampo.com\/wp-content\/uploads\/2018\/01\/IMG_0125-e1516552173979-1024x823.jpg 1024w\" sizes=\"auto, (max-width: 300px) 100vw, 300px\" \/><\/p>\n<p>geboren 1951 in Aachen<\/p>\n<p>1970 &#8211; 1973 Kunststudium an der PH Aachen bei&nbsp;Michael Zepter und Joachim Bandau<\/p>\n<p>T\u00e4tigkeit als Lehrerin 1973 &#8211; 2013<\/p>\n<p>Seit 2004 verst\u00e4rkte k\u00fcnstlerische Aktivit\u00e4ten im Bereich Malerei und Skulptur<\/p>\n<p><em>Born 1951 in Aachen, Germany<\/em><\/p>\n<p><em>1970-1973 Art studies&nbsp;at the Aachen University of Education with Michael Zepter and Joachim Bandau<\/em><\/p>\n<p><em>Working as an art teacher 1973-2013<\/em><\/p>\n<p><em>Since 2004 intensified artistic activities in the field of painting and sculpture<\/em><\/p>\n<p>&nbsp;<\/p>\n<p>&nbsp;<\/p>\n<p>Kontakt\/contact: mail |at| utecampo.com<\/p>\n<p>&nbsp;<\/p>\n<p>&nbsp;<\/p>\n<p>&nbsp;<\/p>\n","protected":false},"excerpt":{"rendered":"<p>geboren 1951 in Aachen 1970 &#8211; 1973 Kunststudium an der PH Aachen bei&nbsp;Michael Zepter und Joachim Bandau T\u00e4tigkeit als Lehrerin 1973 &#8211; 2013 Seit 2004 verst\u00e4rkte k\u00fcnstlerische Aktivit\u00e4ten im Bereich Malerei und Skulptur Born 1951 in Aachen, Germany 1970-1973 Art studies&nbsp;at the Aachen University of Education with Michael Zepter and Joachim Bandau Working as an [&hellip;]<\/p>\n","protected":false},"author":1,"featured_media":171,"parent":0,"menu_order":0,"comment_status":"closed","ping_status":"closed","template":"","meta":{"ngg_post_thumbnail":0,"footnotes":""},"class_list":["post-27","page","type-page","status-publish","has-post-thumbnail","hentry"],"_links":{"self":[{"href":"http:\/\/utecampo.com\/index.php?rest_route=\/wp\/v2\/pages\/27","targetHints":{"allow":["GET"]}}],"collection":[{"href":"http:\/\/utecampo.com\/index.php?rest_route=\/wp\/v2\/pages"}],"about":[{"href":"http:\/\/utecampo.com\/index.php?rest_route=\/wp\/v2\/types\/page"}],"author":[{"embeddable":true,"href":"http:\/\/utecampo.com\/index.php?rest_route=\/wp\/v2\/users\/1"}],"replies":[{"embeddable":true,"href":"http:\/\/utecampo.com\/index.php?rest_route=%2Fwp%2Fv2%2Fcomments&post=27"}],"version-history":[{"count":6,"href":"http:\/\/utecampo.com\/index.php?rest_route=\/wp\/v2\/pages\/27\/revisions"}],"predecessor-version":[{"id":451,"href":"http:\/\/utecampo.com\/index.php?rest_route=\/wp\/v2\/pages\/27\/revisions\/451"}],"wp:featuredmedia":[{"embeddable":true,"href":"http:\/\/utecampo.com\/index.php?rest_route=\/wp\/v2\/media\/171"}],"wp:attachment":[{"href":"http:\/\/utecampo.com\/index.php?rest_route=%2Fwp%2Fv2%2Fmedia&parent=27"}],"curies":[{"name":"wp","href":"https:\/\/api.w.org\/{rel}","templated":true}]}}