{"id":237,"date":"2018-01-20T21:19:09","date_gmt":"2018-01-20T21:19:09","guid":{"rendered":"http:\/\/utecampo.heidtmann.info\/?page_id=2"},"modified":"2023-02-19T16:38:29","modified_gmt":"2023-02-19T16:38:29","slug":"sample-page-2","status":"publish","type":"page","link":"https:\/\/utecampo.com\/","title":{"rendered":"Malerei | Painting"},"content":{"rendered":"\n<p><a href=\"http:\/\/utecampo.com\/?page_id=518\" data-type=\"page\" data-id=\"518\">Neueste Termine | Latest News<\/a><\/p>\n\n\n\n<p class=\"has-white-color has-text-color has-x-large-font-size\">.<\/p>\n\n\n\n<p>Absichtslos, aus einem Impuls heraus, arbeite ich mit Stiften, Pinseln, Spachtel und den Fingern.&nbsp;Spontane Gesten machen Bewegung sichtbar, die aus einem inneren Gef\u00fchl kommt.&nbsp;Kreisend, \u00fcberdeckend, fl\u00e4chendeckend entsteht das Bild aus Linien, die sich verdichten zu Gespinsten und meist nestartige Gebilde formen.&nbsp;Das Nest entsteht von selbst durch den Malprozess und es baut sich von ganz allein, w\u00e4hrend ich intuitiv zu den Farben greife und den Rest laufen lasse, bis ich das Gef\u00fchl habe aufh\u00f6ren zu m\u00fcssen.<\/p>\n\n\n\n<p>1. Nest-Serie 70 x 100 cm, Pastellkreide auf B\u00fcttenpapier.<\/p>\n\n\n\n<p>2. Gr\u00e4ser-Serie 2022, Pastellkreide auf Ingre-Papier<\/p>\n\n\n\n<p><em>English version<\/em><\/p>\n\n\n\n<p><em>Unintentionally drawing on impulse I work with pencils, brushes, spatulas and my fingers.&nbsp;Spontaneous gestures show movements coming from the inside.&nbsp;Circulating, covering the surface, the drawing appears composed by lines increasing to shapes that more or less form nests.&nbsp;The nest is created by the process of drawing . It is almost built by itself while I&nbsp;use colors intuitively letting the process develop until I have the feeling that it is time to stop.<\/em><\/p>\n\n\n\n<p><em>1. Nest series 70 x 100 cm, pastel on handmade paper.<\/em><\/p>\n\n\n\n<p><em>2. Grass series 2022,&nbsp;pastel on ingre paper<\/em><\/p>\n\n\n\n<p>Thumbnails anklicken zum Vergr\u00f6\u00dfern.<\/p>\n\n\n\n<p><em>Please click thumbnails to enlarge pictures.<\/em><\/p>\n\n\n\nngg_shortcode_0_placeholder\n\n\n\n<figure class=\"wp-block-embed is-type-video is-provider-youtube wp-block-embed-youtube wp-embed-aspect-16-9 wp-has-aspect-ratio\"><div class=\"wp-block-embed__wrapper\">\n<iframe loading=\"lazy\" title=\"Art &amp; Music: Vogel Himmel Neu [bird, sky, new] [ciel, oiseau, nouveau]\" width=\"768\" height=\"432\" src=\"https:\/\/www.youtube.com\/embed\/PGtq3E-JuCc?feature=oembed\" frameborder=\"0\" allow=\"accelerometer; autoplay; clipboard-write; encrypted-media; gyroscope; picture-in-picture; web-share\" allowfullscreen><\/iframe>\n<\/div><\/figure>\n\n\n\n<p class=\"has-white-color has-text-color has-x-large-font-size\">.<\/p>\n\n\n\n<p><span style=\"font-family: 'comic sans ms', sans-serif;\"><a href=\"http:\/\/utecampo.com\/?page_id=518\">News <\/a>| <a href=\"http:\/\/utecampo.com\/?page_id=27\">Biografie<\/a> |<a href=\"http:\/\/utecampo.com\/?page_id=29\"> Impressum &amp; Kontakt<\/a><\/span><\/p>\n\n\n\n<p><span style=\"font-family: 'comic sans ms', sans-serif;\">\u00a9 Ute Campo 2018 &#8211; 2023<\/span><\/p>\n","protected":false},"excerpt":{"rendered":"<p>Neueste Termine | Latest News . Absichtslos, aus einem Impuls heraus, arbeite ich mit Stiften, Pinseln, Spachtel und den Fingern.&nbsp;Spontane Gesten machen Bewegung sichtbar, die aus einem inneren Gef\u00fchl kommt.&nbsp;Kreisend, \u00fcberdeckend, fl\u00e4chendeckend entsteht das Bild aus Linien, die sich verdichten zu Gespinsten und meist nestartige Gebilde formen.&nbsp;Das Nest entsteht von selbst durch den Malprozess und [&hellip;]<\/p>\n","protected":false},"author":1,"featured_media":386,"parent":0,"menu_order":0,"comment_status":"closed","ping_status":"open","template":"","meta":{"ngg_post_thumbnail":0,"footnotes":""},"class_list":["post-237","page","type-page","status-publish","has-post-thumbnail","hentry"],"_links":{"self":[{"href":"https:\/\/utecampo.com\/index.php?rest_route=\/wp\/v2\/pages\/237","targetHints":{"allow":["GET"]}}],"collection":[{"href":"https:\/\/utecampo.com\/index.php?rest_route=\/wp\/v2\/pages"}],"about":[{"href":"https:\/\/utecampo.com\/index.php?rest_route=\/wp\/v2\/types\/page"}],"author":[{"embeddable":true,"href":"https:\/\/utecampo.com\/index.php?rest_route=\/wp\/v2\/users\/1"}],"replies":[{"embeddable":true,"href":"https:\/\/utecampo.com\/index.php?rest_route=%2Fwp%2Fv2%2Fcomments&post=237"}],"version-history":[{"count":37,"href":"https:\/\/utecampo.com\/index.php?rest_route=\/wp\/v2\/pages\/237\/revisions"}],"predecessor-version":[{"id":568,"href":"https:\/\/utecampo.com\/index.php?rest_route=\/wp\/v2\/pages\/237\/revisions\/568"}],"wp:featuredmedia":[{"embeddable":true,"href":"https:\/\/utecampo.com\/index.php?rest_route=\/wp\/v2\/media\/386"}],"wp:attachment":[{"href":"https:\/\/utecampo.com\/index.php?rest_route=%2Fwp%2Fv2%2Fmedia&parent=237"}],"curies":[{"name":"wp","href":"https:\/\/api.w.org\/{rel}","templated":true}]}}